{"id":462,"date":"2023-02-04T16:28:20","date_gmt":"2023-02-04T16:28:20","guid":{"rendered":"http:\/\/consulting.stylemixthemes.com\/?page_id=462"},"modified":"2023-02-04T16:28:21","modified_gmt":"2023-02-04T16:28:21","slug":"tagjaink","status":"publish","type":"page","link":"https:\/\/berekibarkasegylet.hu\/index.php\/tagjaink\/","title":{"rendered":"_Tagjaink"},"content":{"rendered":"\t\t<div data-elementor-type=\"wp-page\" data-elementor-id=\"462\" class=\"elementor elementor-462\">\n\t\t\t\t\t\t\t\t\t<section class=\"elementor-section elementor-top-section elementor-element elementor-element-d5f6063 elementor-section-boxed elementor-section-height-default elementor-section-height-default\" data-id=\"d5f6063\" data-element_type=\"section\">\n\t\t\t\t\t\t<div class=\"elementor-container elementor-column-gap-default\">\n\t\t\t\t\t<div class=\"elementor-column elementor-col-100 elementor-top-column elementor-element elementor-element-5df18ff\" data-id=\"5df18ff\" data-element_type=\"column\">\n\t\t\t<div class=\"elementor-widget-wrap elementor-element-populated\">\n\t\t\t\t\t\t\t\t<div class=\"elementor-element elementor-element-5615ae3 elementor-widget elementor-widget-heading\" data-id=\"5615ae3\" data-element_type=\"widget\" data-widget_type=\"heading.default\">\n\t\t\t\t<div class=\"elementor-widget-container\">\n\t\t\t<style>\/*! elementor - v3.13.3 - 28-05-2023 *\/\n.elementor-heading-title{padding:0;margin:0;line-height:1}.elementor-widget-heading .elementor-heading-title[class*=elementor-size-]>a{color:inherit;font-size:inherit;line-height:inherit}.elementor-widget-heading .elementor-heading-title.elementor-size-small{font-size:15px}.elementor-widget-heading .elementor-heading-title.elementor-size-medium{font-size:19px}.elementor-widget-heading .elementor-heading-title.elementor-size-large{font-size:29px}.elementor-widget-heading .elementor-heading-title.elementor-size-xl{font-size:39px}.elementor-widget-heading .elementor-heading-title.elementor-size-xxl{font-size:59px}<\/style><h3 class=\"elementor-heading-title elementor-size-default\">ELN\u00d6KS\u00c9GI TAGOK<\/h3>\t\t<\/div>\n\t\t\t\t<\/div>\n\t\t\t\t\t<\/div>\n\t\t<\/div>\n\t\t\t\t\t\t\t<\/div>\n\t\t<\/section>\n\t\t\t\t<section class=\"elementor-section elementor-top-section elementor-element elementor-element-bcd7e7e elementor-section-boxed elementor-section-height-default elementor-section-height-default\" data-id=\"bcd7e7e\" data-element_type=\"section\" data-settings=\"{&quot;background_background&quot;:&quot;classic&quot;}\">\n\t\t\t\t\t\t<div class=\"elementor-container elementor-column-gap-default\">\n\t\t\t\t\t<div class=\"elementor-column elementor-col-100 elementor-top-column elementor-element elementor-element-bcd8602\" data-id=\"bcd8602\" data-element_type=\"column\">\n\t\t\t<div class=\"elementor-widget-wrap elementor-element-populated\">\n\t\t\t\t\t\t\t\t<div class=\"elementor-element elementor-element-bcd90ab elementor-widget elementor-widget-stm_staff_list\" data-id=\"bcd90ab\" data-element_type=\"widget\" data-widget_type=\"stm_staff_list.default\">\n\t\t\t\t<div class=\"elementor-widget-container\">\n\t\t\t\n\t<div class=\"staff_list consulting_elementor_staff_list  grid cols_3 short-view \">\n\t\t<ul>\n\t\t\t\t\t\t\t<li>\n\t\t\t\t\t\t\t\t\t\t\t<div class=\"staff_image\">\n\t\t\t\t\t\t\t<a href=\"https:\/\/berekibarkasegylet.hu\/index.php\/staff\/varga-gabor-senio-elnok\/\">\n\t\t\t\t\t\t\t\t<img width=\"350\" height=\"250\" src=\"https:\/\/berekibarkasegylet.hu\/wp-content\/uploads\/2023\/01\/Varga-Gabor-OK-350x250.jpg\" class=\"attachment-consulting-image-350x250-croped size-consulting-image-350x250-croped wp-post-image\" alt=\"\" decoding=\"async\" loading=\"lazy\" srcset=\"https:\/\/berekibarkasegylet.hu\/wp-content\/uploads\/2023\/01\/Varga-Gabor-OK-350x250.jpg 350w, https:\/\/berekibarkasegylet.hu\/wp-content\/uploads\/2023\/01\/Varga-Gabor-OK-255x182.jpg 255w\" sizes=\"(max-width: 350px) 100vw, 350px\" \/>\t\t\t\t\t\t\t<\/a>\n\t\t\t\t\t\t<\/div>\n\t\t\t\t\t\t\t\t\t\t<div class=\"staff_info\">\n\t\t\t\t\t\t<h4 class=\"no_stripe\">\n\t\t\t\t\t\t\t<a href=\"https:\/\/berekibarkasegylet.hu\/index.php\/staff\/varga-gabor-senio-elnok\/\" class=\"secondary_font_color_hv text_decoration_none\">Varga G\u00e1bor Istv\u00e1n<\/a>\n\t\t\t\t\t\t<\/h4>\n\t\t\t\t\t\t\t\t\t\t\t\t\t\t\t\t\t\t\t<div class=\"staff_department\">\n\t\t\t\t\t\t\t\tsenior eln\u00f6k\t\t\t\t\t\t\t<\/div>\n\t\t\t\t\t\t\t\t\t\t\t\t\t\t\t\t\t\t\t\t\t\t\t\t\t<p>Being the CFO in the Financial Industry is a tough task, thankfully he was here to man the helm...<\/p>\n\t\t\t\t\t\t\t\t\t\t\t\t<a class=\"read_more\" href=\"https:\/\/berekibarkasegylet.hu\/index.php\/staff\/varga-gabor-senio-elnok\/\">\n\t\t\t\t\t\t\t<span>view profile<\/span>\n\t\t\t\t\t\t\t<i class=\" fa fa-chevron-right stm_icon\"><\/i>\n\t\t\t\t\t\t<\/a>\n\t\t\t\t\t<\/div>\n\t\t\t\t<\/li>\n\t\t\t\t\t\t\t\t<li>\n\t\t\t\t\t\t\t\t\t\t\t<div class=\"staff_image\">\n\t\t\t\t\t\t\t<a href=\"https:\/\/berekibarkasegylet.hu\/index.php\/staff\/somogyi-daniel-elnok\/\">\n\t\t\t\t\t\t\t\t<img width=\"350\" height=\"250\" src=\"https:\/\/berekibarkasegylet.hu\/wp-content\/uploads\/2023\/01\/Somogyi-Daniel-arckep-v2-350x250.jpg\" class=\"attachment-consulting-image-350x250-croped size-consulting-image-350x250-croped wp-post-image\" alt=\"\" decoding=\"async\" loading=\"lazy\" srcset=\"https:\/\/berekibarkasegylet.hu\/wp-content\/uploads\/2023\/01\/Somogyi-Daniel-arckep-v2-350x250.jpg 350w, https:\/\/berekibarkasegylet.hu\/wp-content\/uploads\/2023\/01\/Somogyi-Daniel-arckep-v2-255x182.jpg 255w\" sizes=\"(max-width: 350px) 100vw, 350px\" \/>\t\t\t\t\t\t\t<\/a>\n\t\t\t\t\t\t<\/div>\n\t\t\t\t\t\t\t\t\t\t<div class=\"staff_info\">\n\t\t\t\t\t\t<h4 class=\"no_stripe\">\n\t\t\t\t\t\t\t<a href=\"https:\/\/berekibarkasegylet.hu\/index.php\/staff\/somogyi-daniel-elnok\/\" class=\"secondary_font_color_hv text_decoration_none\">Somogyi D\u00e1niel<\/a>\n\t\t\t\t\t\t<\/h4>\n\t\t\t\t\t\t\t\t\t\t\t\t\t\t\t\t\t\t\t<div class=\"staff_department\">\n\t\t\t\t\t\t\t\teln\u00f6k\t\t\t\t\t\t\t<\/div>\n\t\t\t\t\t\t\t\t\t\t\t\t\t\t\t\t\t\t\t\t\t\t\t\t\t<p>The founder of Consulting WP, he has been the captain of this ship from the beginning and has sailed...<\/p>\n\t\t\t\t\t\t\t\t\t\t\t\t<a class=\"read_more\" href=\"https:\/\/berekibarkasegylet.hu\/index.php\/staff\/somogyi-daniel-elnok\/\">\n\t\t\t\t\t\t\t<span>view profile<\/span>\n\t\t\t\t\t\t\t<i class=\" fa fa-chevron-right stm_icon\"><\/i>\n\t\t\t\t\t\t<\/a>\n\t\t\t\t\t<\/div>\n\t\t\t\t<\/li>\n\t\t\t\t\t\t\t\t<li>\n\t\t\t\t\t\t\t\t\t\t\t<div class=\"staff_image\">\n\t\t\t\t\t\t\t<a href=\"https:\/\/berekibarkasegylet.hu\/index.php\/staff\/toth-judit\/\">\n\t\t\t\t\t\t\t\t<img width=\"350\" height=\"250\" src=\"https:\/\/berekibarkasegylet.hu\/wp-content\/uploads\/2016\/01\/Toth-Judit-350x250.jpg\" class=\"attachment-consulting-image-350x250-croped size-consulting-image-350x250-croped wp-post-image\" alt=\"\" decoding=\"async\" loading=\"lazy\" srcset=\"https:\/\/berekibarkasegylet.hu\/wp-content\/uploads\/2016\/01\/Toth-Judit-350x250.jpg 350w, https:\/\/berekibarkasegylet.hu\/wp-content\/uploads\/2016\/01\/Toth-Judit-255x182.jpg 255w, https:\/\/berekibarkasegylet.hu\/wp-content\/uploads\/2016\/01\/Toth-Judit-900x640.jpg 900w\" sizes=\"(max-width: 350px) 100vw, 350px\" \/>\t\t\t\t\t\t\t<\/a>\n\t\t\t\t\t\t<\/div>\n\t\t\t\t\t\t\t\t\t\t<div class=\"staff_info\">\n\t\t\t\t\t\t<h4 class=\"no_stripe\">\n\t\t\t\t\t\t\t<a href=\"https:\/\/berekibarkasegylet.hu\/index.php\/staff\/toth-judit\/\" class=\"secondary_font_color_hv text_decoration_none\">T\u00f3th Judit<\/a>\n\t\t\t\t\t\t<\/h4>\n\t\t\t\t\t\t\t\t\t\t\t\t\t\t\t\t\t\t\t<div class=\"staff_department\">\n\t\t\t\t\t\t\t\tszakoszt\u00e1ly vezet\u0151\t\t\t\t\t\t\t<\/div>\n\t\t\t\t\t\t\t\t\t\t\t\t\t\t\t\t\t\t\t\t\t\t\t\t\t<p>She is an accomplished business developer. Her skills at creating relationships with clients are...<\/p>\n\t\t\t\t\t\t\t\t\t\t\t\t<a class=\"read_more\" href=\"https:\/\/berekibarkasegylet.hu\/index.php\/staff\/toth-judit\/\">\n\t\t\t\t\t\t\t<span>view profile<\/span>\n\t\t\t\t\t\t\t<i class=\" fa fa-chevron-right stm_icon\"><\/i>\n\t\t\t\t\t\t<\/a>\n\t\t\t\t\t<\/div>\n\t\t\t\t<\/li>\n\t\t\t\t\t\t\t\t<li>\n\t\t\t\t\t\t\t\t\t\t\t<div class=\"staff_image\">\n\t\t\t\t\t\t\t<a href=\"https:\/\/berekibarkasegylet.hu\/index.php\/staff\/kodli-attila\/\">\n\t\t\t\t\t\t\t\t<img width=\"294\" height=\"250\" src=\"https:\/\/berekibarkasegylet.hu\/wp-content\/uploads\/2016\/01\/Kobli-Attila-294x250.jpg\" class=\"attachment-consulting-image-350x250-croped size-consulting-image-350x250-croped wp-post-image\" alt=\"\" decoding=\"async\" loading=\"lazy\" \/>\t\t\t\t\t\t\t<\/a>\n\t\t\t\t\t\t<\/div>\n\t\t\t\t\t\t\t\t\t\t<div class=\"staff_info\">\n\t\t\t\t\t\t<h4 class=\"no_stripe\">\n\t\t\t\t\t\t\t<a href=\"https:\/\/berekibarkasegylet.hu\/index.php\/staff\/kodli-attila\/\" class=\"secondary_font_color_hv text_decoration_none\">K\u00f6dli Attila<\/a>\n\t\t\t\t\t\t<\/h4>\n\t\t\t\t\t\t\t\t\t\t\t\t\t\t\t\t\t\t\t<div class=\"staff_department\">\n\t\t\t\t\t\t\t\tfejleszt\u00e9si vezet\u0151\t\t\t\t\t\t\t<\/div>\n\t\t\t\t\t\t\t\t\t\t\t\t\t\t\t\t\t\t\t\t\t\t\t\t\t<p>He has helped Business WordPress Theme reach new heights and enter new markets. His skills of understanding...<\/p>\n\t\t\t\t\t\t\t\t\t\t\t\t<a class=\"read_more\" href=\"https:\/\/berekibarkasegylet.hu\/index.php\/staff\/kodli-attila\/\">\n\t\t\t\t\t\t\t<span>view profile<\/span>\n\t\t\t\t\t\t\t<i class=\" fa fa-chevron-right stm_icon\"><\/i>\n\t\t\t\t\t\t<\/a>\n\t\t\t\t\t<\/div>\n\t\t\t\t<\/li>\n\t\t\t\t\t\t\t\t<li>\n\t\t\t\t\t\t\t\t\t\t\t<div class=\"staff_image\">\n\t\t\t\t\t\t\t<a href=\"https:\/\/berekibarkasegylet.hu\/index.php\/staff\/bindics-attila\/\">\n\t\t\t\t\t\t\t\t<img width=\"350\" height=\"250\" src=\"https:\/\/berekibarkasegylet.hu\/wp-content\/uploads\/2016\/01\/Bindics-Attila-arckep-350x250.jpg\" class=\"attachment-consulting-image-350x250-croped size-consulting-image-350x250-croped wp-post-image\" alt=\"\" decoding=\"async\" loading=\"lazy\" srcset=\"https:\/\/berekibarkasegylet.hu\/wp-content\/uploads\/2016\/01\/Bindics-Attila-arckep-350x250.jpg 350w, https:\/\/berekibarkasegylet.hu\/wp-content\/uploads\/2016\/01\/Bindics-Attila-arckep-255x182.jpg 255w, https:\/\/berekibarkasegylet.hu\/wp-content\/uploads\/2016\/01\/Bindics-Attila-arckep-900x640.jpg 900w\" sizes=\"(max-width: 350px) 100vw, 350px\" \/>\t\t\t\t\t\t\t<\/a>\n\t\t\t\t\t\t<\/div>\n\t\t\t\t\t\t\t\t\t\t<div class=\"staff_info\">\n\t\t\t\t\t\t<h4 class=\"no_stripe\">\n\t\t\t\t\t\t\t<a href=\"https:\/\/berekibarkasegylet.hu\/index.php\/staff\/bindics-attila\/\" class=\"secondary_font_color_hv text_decoration_none\">Bindics Attila<\/a>\n\t\t\t\t\t\t<\/h4>\n\t\t\t\t\t\t\t\t\t\t\t\t\t\t\t\t\t\t\t<div class=\"staff_department\">\n\t\t\t\t\t\t\t\tm\u0171szaki vezet\u0151\t\t\t\t\t\t\t<\/div>\n\t\t\t\t\t\t\t\t\t\t\t\t\t\t\t\t\t\t\t\t\t\t\t\t\t<p>As we help other companies grow, she helps us grow. She handles all the internal work at WP consulting...<\/p>\n\t\t\t\t\t\t\t\t\t\t\t\t<a class=\"read_more\" href=\"https:\/\/berekibarkasegylet.hu\/index.php\/staff\/bindics-attila\/\">\n\t\t\t\t\t\t\t<span>view profile<\/span>\n\t\t\t\t\t\t\t<i class=\" fa fa-chevron-right stm_icon\"><\/i>\n\t\t\t\t\t\t<\/a>\n\t\t\t\t\t<\/div>\n\t\t\t\t<\/li>\n\t\t\t\t\t\t\t\t<li>\n\t\t\t\t\t\t\t\t\t\t\t<div class=\"staff_image\">\n\t\t\t\t\t\t\t<a href=\"https:\/\/berekibarkasegylet.hu\/index.php\/staff\/kovacs-peter\/\">\n\t\t\t\t\t\t\t\t<img width=\"350\" height=\"250\" src=\"https:\/\/berekibarkasegylet.hu\/wp-content\/uploads\/2016\/01\/Kovacs-Peter-arckep-350x250.jpg\" class=\"attachment-consulting-image-350x250-croped size-consulting-image-350x250-croped wp-post-image\" alt=\"\" decoding=\"async\" loading=\"lazy\" srcset=\"https:\/\/berekibarkasegylet.hu\/wp-content\/uploads\/2016\/01\/Kovacs-Peter-arckep-350x250.jpg 350w, https:\/\/berekibarkasegylet.hu\/wp-content\/uploads\/2016\/01\/Kovacs-Peter-arckep-255x182.jpg 255w, https:\/\/berekibarkasegylet.hu\/wp-content\/uploads\/2016\/01\/Kovacs-Peter-arckep-900x640.jpg 900w\" sizes=\"(max-width: 350px) 100vw, 350px\" \/>\t\t\t\t\t\t\t<\/a>\n\t\t\t\t\t\t<\/div>\n\t\t\t\t\t\t\t\t\t\t<div class=\"staff_info\">\n\t\t\t\t\t\t<h4 class=\"no_stripe\">\n\t\t\t\t\t\t\t<a href=\"https:\/\/berekibarkasegylet.hu\/index.php\/staff\/kovacs-peter\/\" class=\"secondary_font_color_hv text_decoration_none\">Kov\u00e1cs P\u00e9ter<\/a>\n\t\t\t\t\t\t<\/h4>\n\t\t\t\t\t\t\t\t\t\t\t\t\t\t\t\t\t\t\t<div class=\"staff_department\">\n\t\t\t\t\t\t\t\tv\u00edzit\u00fara felel\u0151s\t\t\t\t\t\t\t<\/div>\n\t\t\t\t\t\t\t\t\t\t\t\t\t\t\t\t\t\t\t\t\t\t\t\t\t<p>Tax laws and regulations are some of the most complicated and infuriating parts of the financial...<\/p>\n\t\t\t\t\t\t\t\t\t\t\t\t<a class=\"read_more\" href=\"https:\/\/berekibarkasegylet.hu\/index.php\/staff\/kovacs-peter\/\">\n\t\t\t\t\t\t\t<span>view profile<\/span>\n\t\t\t\t\t\t\t<i class=\" fa fa-chevron-right stm_icon\"><\/i>\n\t\t\t\t\t\t<\/a>\n\t\t\t\t\t<\/div>\n\t\t\t\t<\/li>\n\t\t\t\t\t\t\t\t<li>\n\t\t\t\t\t\t\t\t\t\t\t<div class=\"staff_image\">\n\t\t\t\t\t\t\t<a href=\"https:\/\/berekibarkasegylet.hu\/index.php\/staff\/hauszgenusz-karoly\/\">\n\t\t\t\t\t\t\t\t<img width=\"350\" height=\"250\" src=\"https:\/\/berekibarkasegylet.hu\/wp-content\/uploads\/2001\/02\/Hauszgenusz-Karoly-arckep-350x250.jpg\" class=\"attachment-consulting-image-350x250-croped size-consulting-image-350x250-croped wp-post-image\" alt=\"\" decoding=\"async\" loading=\"lazy\" srcset=\"https:\/\/berekibarkasegylet.hu\/wp-content\/uploads\/2001\/02\/Hauszgenusz-Karoly-arckep-350x250.jpg 350w, https:\/\/berekibarkasegylet.hu\/wp-content\/uploads\/2001\/02\/Hauszgenusz-Karoly-arckep-255x182.jpg 255w, https:\/\/berekibarkasegylet.hu\/wp-content\/uploads\/2001\/02\/Hauszgenusz-Karoly-arckep-900x640.jpg 900w\" sizes=\"(max-width: 350px) 100vw, 350px\" \/>\t\t\t\t\t\t\t<\/a>\n\t\t\t\t\t\t<\/div>\n\t\t\t\t\t\t\t\t\t\t<div class=\"staff_info\">\n\t\t\t\t\t\t<h4 class=\"no_stripe\">\n\t\t\t\t\t\t\t<a href=\"https:\/\/berekibarkasegylet.hu\/index.php\/staff\/hauszgenusz-karoly\/\" class=\"secondary_font_color_hv text_decoration_none\">Hauszg\u00e9nusz K\u00e1roly<\/a>\n\t\t\t\t\t\t<\/h4>\n\t\t\t\t\t\t\t\t\t\t\t\t\t\t\t\t\t\t\t<div class=\"staff_department\">\n\t\t\t\t\t\t\t\tsz\u00e1ll\u00edt\u00e1s, utaztat\u00e1s\t\t\t\t\t\t\t<\/div>\n\t\t\t\t\t\t\t\t\t\t\t\t\t\t\t\t\t\t\t\t\t\t\t\t\t<p>Hauszg\u00e9nusz K\u00e1roly sz\u00e1ll\u00edt\u00e1s, utaztat\u00e1s Bereki B\u00e1rk\u00e1s Egylet Egyes\u00fclet 9900 K\u00f6rmend, Hegyaljai...<\/p>\n\t\t\t\t\t\t\t\t\t\t\t\t<a class=\"read_more\" href=\"https:\/\/berekibarkasegylet.hu\/index.php\/staff\/hauszgenusz-karoly\/\">\n\t\t\t\t\t\t\t<span>view profile<\/span>\n\t\t\t\t\t\t\t<i class=\" fa fa-chevron-right stm_icon\"><\/i>\n\t\t\t\t\t\t<\/a>\n\t\t\t\t\t<\/div>\n\t\t\t\t<\/li>\n\t\t\t\t\t\t\t\t\t<\/ul>\n\t<\/div>\n\t\t<\/div>\n\t\t\t\t<\/div>\n\t\t\t\t\t<\/div>\n\t\t<\/div>\n\t\t\t\t\t\t\t<\/div>\n\t\t<\/section>\n\t\t\t\t<section class=\"elementor-section elementor-top-section elementor-element elementor-element-d078935 elementor-section-boxed elementor-section-height-default elementor-section-height-default\" data-id=\"d078935\" data-element_type=\"section\">\n\t\t\t\t\t\t<div class=\"elementor-container elementor-column-gap-default\">\n\t\t\t\t\t<div class=\"elementor-column elementor-col-100 elementor-top-column elementor-element elementor-element-fcf2b8f\" data-id=\"fcf2b8f\" data-element_type=\"column\">\n\t\t\t<div class=\"elementor-widget-wrap elementor-element-populated\">\n\t\t\t\t\t\t\t\t<div class=\"elementor-element elementor-element-95fd5d7 elementor-widget elementor-widget-heading\" data-id=\"95fd5d7\" data-element_type=\"widget\" data-widget_type=\"heading.default\">\n\t\t\t\t<div class=\"elementor-widget-container\">\n\t\t\t<h3 class=\"elementor-heading-title elementor-size-default\">EDZ\u0150INK<\/h3>\t\t<\/div>\n\t\t\t\t<\/div>\n\t\t\t\t\t<\/div>\n\t\t<\/div>\n\t\t\t\t\t\t\t<\/div>\n\t\t<\/section>\n\t\t\t\t<section class=\"elementor-section elementor-top-section elementor-element elementor-element-05c0e6a elementor-section-boxed elementor-section-height-default elementor-section-height-default\" data-id=\"05c0e6a\" data-element_type=\"section\" data-settings=\"{&quot;background_background&quot;:&quot;classic&quot;}\">\n\t\t\t\t\t\t<div class=\"elementor-container elementor-column-gap-default\">\n\t\t\t\t\t<div class=\"elementor-column elementor-col-100 elementor-top-column elementor-element elementor-element-b993102\" data-id=\"b993102\" data-element_type=\"column\">\n\t\t\t<div class=\"elementor-widget-wrap elementor-element-populated\">\n\t\t\t\t\t\t\t\t<div class=\"elementor-element elementor-element-761cd99 elementor-widget elementor-widget-stm_staff_list\" data-id=\"761cd99\" data-element_type=\"widget\" data-widget_type=\"stm_staff_list.default\">\n\t\t\t\t<div class=\"elementor-widget-container\">\n\t\t\t\n\t<div class=\"staff_list consulting_elementor_staff_list  grid cols_3 short-view \">\n\t\t<ul>\n\t\t\t\t\t\t\t<li>\n\t\t\t\t\t\t\t\t\t\t\t<div class=\"staff_image\">\n\t\t\t\t\t\t\t<a href=\"https:\/\/berekibarkasegylet.hu\/index.php\/staff\/varga-gabor-edzo\/\">\n\t\t\t\t\t\t\t\t<img width=\"350\" height=\"250\" src=\"https:\/\/berekibarkasegylet.hu\/wp-content\/uploads\/2023\/01\/Varga-Gabor-arckep-350x250.jpg\" class=\"attachment-consulting-image-350x250-croped size-consulting-image-350x250-croped wp-post-image\" alt=\"\" decoding=\"async\" loading=\"lazy\" srcset=\"https:\/\/berekibarkasegylet.hu\/wp-content\/uploads\/2023\/01\/Varga-Gabor-arckep-350x250.jpg 350w, https:\/\/berekibarkasegylet.hu\/wp-content\/uploads\/2023\/01\/Varga-Gabor-arckep-255x182.jpg 255w\" sizes=\"(max-width: 350px) 100vw, 350px\" \/>\t\t\t\t\t\t\t<\/a>\n\t\t\t\t\t\t<\/div>\n\t\t\t\t\t\t\t\t\t\t<div class=\"staff_info\">\n\t\t\t\t\t\t<h4 class=\"no_stripe\">\n\t\t\t\t\t\t\t<a href=\"https:\/\/berekibarkasegylet.hu\/index.php\/staff\/varga-gabor-edzo\/\" class=\"secondary_font_color_hv text_decoration_none\">Varga G\u00e1bor<\/a>\n\t\t\t\t\t\t<\/h4>\n\t\t\t\t\t\t\t\t\t\t\t\t\t\t\t\t\t\t\t<div class=\"staff_department\">\n\t\t\t\t\t\t\t\tvezet\u0151edz\u0151\t\t\t\t\t\t\t<\/div>\n\t\t\t\t\t\t\t\t\t\t\t\t\t\t\t\t\t\t\t\t\t\t\t\t\t<p>Varga G\u00e1bor Istv\u00e1n vezet\u0151edz\u0151 Bereki B\u00e1rk\u00e1s Egylet Egyes\u00fclet 9900 K\u00f6rmend, Hegyaljai utca...<\/p>\n\t\t\t\t\t\t\t\t\t\t\t\t<a class=\"read_more\" href=\"https:\/\/berekibarkasegylet.hu\/index.php\/staff\/varga-gabor-edzo\/\">\n\t\t\t\t\t\t\t<span>view profile<\/span>\n\t\t\t\t\t\t\t<i class=\" fa fa-chevron-right stm_icon\"><\/i>\n\t\t\t\t\t\t<\/a>\n\t\t\t\t\t<\/div>\n\t\t\t\t<\/li>\n\t\t\t\t\t\t\t\t\t<\/ul>\n\t<\/div>\n\t\t<\/div>\n\t\t\t\t<\/div>\n\t\t\t\t\t<\/div>\n\t\t<\/div>\n\t\t\t\t\t\t\t<\/div>\n\t\t<\/section>\n\t\t\t\t\t\t\t<\/div>\n\t\t","protected":false},"excerpt":{"rendered":"<p>ELN\u00d6KS\u00c9GI TAGOK Varga G\u00e1bor senior eln\u00f6k Being the CFO in the Financial Industry is a tough task, thankfully he was here to man the helm&#8230; view profile Somogyi D\u00e1niel eln\u00f6k The founder of Consulting WP, he has been the captain of this ship from the beginning and has sailed&#8230; view profile T\u00f3th Judit szakoszt\u00e1ly vezet\u0151<\/p>\n","protected":false},"author":1,"featured_media":0,"parent":0,"menu_order":0,"comment_status":"closed","ping_status":"closed","template":"","meta":[],"_links":{"self":[{"href":"https:\/\/berekibarkasegylet.hu\/index.php\/wp-json\/wp\/v2\/pages\/462"}],"collection":[{"href":"https:\/\/berekibarkasegylet.hu\/index.php\/wp-json\/wp\/v2\/pages"}],"about":[{"href":"https:\/\/berekibarkasegylet.hu\/index.php\/wp-json\/wp\/v2\/types\/page"}],"author":[{"embeddable":true,"href":"https:\/\/berekibarkasegylet.hu\/index.php\/wp-json\/wp\/v2\/users\/1"}],"replies":[{"embeddable":true,"href":"https:\/\/berekibarkasegylet.hu\/index.php\/wp-json\/wp\/v2\/comments?post=462"}],"version-history":[{"count":6,"href":"https:\/\/berekibarkasegylet.hu\/index.php\/wp-json\/wp\/v2\/pages\/462\/revisions"}],"predecessor-version":[{"id":7862,"href":"https:\/\/berekibarkasegylet.hu\/index.php\/wp-json\/wp\/v2\/pages\/462\/revisions\/7862"}],"wp:attachment":[{"href":"https:\/\/berekibarkasegylet.hu\/index.php\/wp-json\/wp\/v2\/media?parent=462"}],"curies":[{"name":"wp","href":"https:\/\/api.w.org\/{rel}","templated":true}]}}