{"id":6238,"date":"2023-02-04T16:03:57","date_gmt":"2023-02-04T16:03:57","guid":{"rendered":"http:\/\/consulting.stylemixthemes.com\/demo\/?page_id=6238"},"modified":"2025-05-15T17:23:50","modified_gmt":"2025-05-15T17:23:50","slug":"tortenetunk","status":"publish","type":"page","link":"https:\/\/berekibarkasegylet.hu\/index.php\/tortenetunk\/","title":{"rendered":"_T\u00f6rt\u00e9net\u00fcnk"},"content":{"rendered":"\t\t<div data-elementor-type=\"wp-page\" data-elementor-id=\"6238\" class=\"elementor elementor-6238\">\n\t\t\t\t\t\t\t\t\t<section class=\"elementor-section elementor-top-section elementor-element elementor-element-57a1bc7 elementor-section-boxed elementor-section-height-default elementor-section-height-default\" data-id=\"57a1bc7\" data-element_type=\"section\">\n\t\t\t\t\t\t<div class=\"elementor-container elementor-column-gap-default\">\n\t\t\t\t\t<div class=\"elementor-column elementor-col-100 elementor-top-column elementor-element elementor-element-d9cd0bf\" data-id=\"d9cd0bf\" data-element_type=\"column\">\n\t\t\t<div class=\"elementor-widget-wrap elementor-element-populated\">\n\t\t\t\t\t\t\t\t<div class=\"elementor-element elementor-element-5c5b11a elementor-widget elementor-widget-vc_custom_heading\" data-id=\"5c5b11a\" data-element_type=\"widget\" data-widget_type=\"vc_custom_heading.default\">\n\t\t\t\t<div class=\"elementor-widget-container\">\n\t\t\t<div class=\" vc_custom_heading  consulting_heading_font  text_align_left\" ><h3 style=\"text-align: left;font-weight:700\" class=\"consulting-custom-title\">T\u00d6RT\u00c9NET\u00dcNK\n<\/h3><\/div>\t\t<\/div>\n\t\t\t\t<\/div>\n\t\t\t\t<div class=\"elementor-element elementor-element-1ce0861 elementor-widget elementor-widget-text-editor\" data-id=\"1ce0861\" data-element_type=\"widget\" data-widget_type=\"text-editor.default\">\n\t\t\t\t<div class=\"elementor-widget-container\">\n\t\t\t<style>\/*! elementor - v3.13.3 - 28-05-2023 *\/\n.elementor-widget-text-editor.elementor-drop-cap-view-stacked .elementor-drop-cap{background-color:#69727d;color:#fff}.elementor-widget-text-editor.elementor-drop-cap-view-framed .elementor-drop-cap{color:#69727d;border:3px solid;background-color:transparent}.elementor-widget-text-editor:not(.elementor-drop-cap-view-default) .elementor-drop-cap{margin-top:8px}.elementor-widget-text-editor:not(.elementor-drop-cap-view-default) .elementor-drop-cap-letter{width:1em;height:1em}.elementor-widget-text-editor .elementor-drop-cap{float:left;text-align:center;line-height:1;font-size:50px}.elementor-widget-text-editor .elementor-drop-cap-letter{display:inline-block}<\/style>\t\t\t\t<p style=\"font-size: 17px;\"><span style=\"font-size: inherit;\">Egyes\u00fclet\u00fcnk, t\u00f6bb el\u0151zm\u00e9ny ut\u00e1n 2006-ban alakult. 2012-t\u0151l bejegyzett form\u00e1ban m\u0171k\u00f6dik.\u00a0<\/span><span style=\"font-size: inherit;\">Tagjaink k\u00f6z\u00f6tt t\u00f6bben, k\u00f6zel 30 \u00e9ves v\u00edzit\u00fara tapasztalattal rendelkeznek. Sz\u00e1mtalan\u00a0<\/span><span style=\"font-size: inherit;\">rendezv\u00e9ny \u00e9s verseny szervez\u0151i, t\u00e1rsszervez\u0151i vagyunk (R\u00e1ba-takart\u00e1s, R\u00e1ba-maraton,\u00a0<\/span><span style=\"font-size: inherit;\">Cs\u00e1k\u00e1ny-K\u00f6rmend Kajak-kenu Futam stb.). Ny\u00edlt napokkal, ingyenes r\u00e9szv\u00e9teli lehet\u0151s\u00e9ggel\u00a0<\/span><span style=\"font-size: inherit;\">invit\u00e1ljuk a v\u00e1ros \u00e9s a k\u00f6rny\u00e9k lak\u00f3it a foly\u00f3ra. 2016-ban eleget tett\u00fcnk alapszab\u00e1lyunkban\u00a0<\/span><span style=\"font-size: inherit;\">foglalt v\u00e1llal\u00e1sunknak, \u00e9s megalak\u00edtottuk a R\u00e1ba foly\u00f3 els\u0151 kajak-kenu szakoszt\u00e1ly\u00e1t.<\/span><\/p>\n<p style=\"font-size: 17px;\"><span style=\"font-size: inherit;\">A Magyar Kajak-Kenu Sz\u00f6vets\u00e9g tagszervezetek\u00e9nt ut\u00e1np\u00f3tl\u00e1s-nevel\u00e9ssel foglalkozunk\u00a0<\/span><span style=\"font-size: inherit;\">nyolc-tizennyolc \u00e9ves korig. R\u00e9szt vesz\u00fcnk a Magyar Kajak-Kenu Sz\u00f6vets\u00e9g bajnoki\u00a0<\/span><span style=\"font-size: inherit;\">pontverseny\u00e9ben. Helyzet\u00fcnket nehez\u00edti a R\u00e1ba foly\u00f3 hektikus v\u00edz\u00e1ll\u00e1sa \u00e9s jellege.\u00a0<\/span><span style=\"font-size: inherit;\">V\u00e1rosunkban nincs lehet\u0151s\u00e9g\u00fcnk uszoda ig\u00e9nybev\u00e9tel\u00e9re, nincs tanmedenc\u00e9nk \u00e9s a\u00a0<\/span><span style=\"font-size: inherit;\">kondicion\u00e1l\u00f3 terem biztos\u00edt\u00e1sa is gyakran neh\u00e9zs\u00e9gekbe \u00fctk\u00f6zik. Mindezek ellen\u00e9re stabilan\u00a0<\/span><span style=\"font-size: inherit;\">20 f\u0151 k\u00f6r\u00fcli a sportol\u00f3i l\u00e9tsz\u00e1munk. Elk\u00f6telezettek vagyunk sportot, vizet \u00e9s term\u00e9szetet,\u00a0<\/span><span style=\"font-size: inherit;\">term\u00e9szetk\u00f6zeli \u00e9letm\u00f3dot kedvel\u0151 gyerekek kinevel\u00e9s\u00e9ben.<\/span><\/p>\n<p style=\"font-size: 17px;\"><span style=\"font-size: inherit;\">Az ut\u00e1np\u00f3tl\u00e1s-nevel\u00e9s biztos\u00edt\u00e1s\u00e1hoz a csal\u00e1dok bevon\u00e1s\u00e1n kereszt\u00fcl vezet az \u00fat. Ez\u00e9rt\u00a0<\/span><span style=\"font-size: inherit;\">ind\u00edtottunk s\u00e1rk\u00e1nyhaj\u00f3 szakoszt\u00e1lyt. Versenyz\u0151ink r\u00e9szt vettek a Balaton-\u00e1tevez\u00e9sen \u00e9s\u00a0<\/span><span style=\"font-size: inherit;\">n\u00e9h\u00e1ny kisebb versenyen. Az\u00f3ta saj\u00e1t s\u00e1rk\u00e1nyhaj\u00f3t v\u00e1s\u00e1roltunk. Sajnos, edz\u0151hi\u00e1ny miatt e\u00a0<\/span><span style=\"font-size: inherit;\">tev\u00e9kenys\u00e9g\u00fcnk pillanatnyilag sz\u00fcnetel. Haj\u00f3nk azonban rendezv\u00e9nyekre b\u00e9rbe vehet\u0151!<\/span><\/p>\n<p style=\"font-size: 17px;\"><span style=\"font-size: inherit;\">T\u00e1rsadalmi b\u00e1zisunk egyre gyarapodik, sz\u00e9lesedik, mik\u00e9nt feladataink is. A sportol\u00e1si,\u00a0<\/span><span style=\"font-size: inherit;\">versenyz\u00e9si lehet\u0151s\u00e9g biztos\u00edt\u00e1sa komoly infrastrukt\u00far\u00e1t, sok eszk\u00f6zt, utaz\u00e1st, utaztat\u00e1st \u00e9s\u00a0<\/span><span style=\"font-size: inherit;\">sz\u00e1ll\u00edt\u00e1st jelent.<\/span><\/p>\n<p style=\"margin-bottom: 10px; font-size: 17px;\"><span style=\"font-size: inherit;\">Mi vagyunk a R\u00e1ba els\u0151 v\u00edzit\u00fara eszk\u00f6z k\u00f6lcs\u00f6nz\u0151je, hiszen kenuinkat, kajakjainkat k\u00eds\u00e9ret\u00a0<\/span><span style=\"font-size: inherit;\">\u00e9s t\u00faravezet\u0151 n\u00e9lk\u00fcl is ig\u00e9nybe lehet venni a kezdetekt\u0151l, k\u00f6lcs\u00f6nz\u0151i rendszerben!<\/span><\/p>\n\t\t\t\t\t\t<\/div>\n\t\t\t\t<\/div>\n\t\t\t\t\t<\/div>\n\t\t<\/div>\n\t\t\t\t\t\t\t<\/div>\n\t\t<\/section>\n\t\t\t\t<section class=\"elementor-section elementor-top-section elementor-element elementor-element-10e3c2f elementor-section-boxed elementor-section-height-default elementor-section-height-default\" data-id=\"10e3c2f\" data-element_type=\"section\" data-settings=\"{&quot;background_background&quot;:&quot;classic&quot;}\">\n\t\t\t\t\t\t<div class=\"elementor-container elementor-column-gap-default\">\n\t\t\t\t\t<div class=\"elementor-column elementor-col-100 elementor-top-column elementor-element elementor-element-2102c77\" data-id=\"2102c77\" data-element_type=\"column\" data-settings=\"{&quot;background_background&quot;:&quot;classic&quot;}\">\n\t\t\t<div class=\"elementor-widget-wrap elementor-element-populated\">\n\t\t\t\t\t\t\t\t<div class=\"elementor-element elementor-element-9c6a155 elementor-widget elementor-widget-vc_custom_heading\" data-id=\"9c6a155\" data-element_type=\"widget\" data-widget_type=\"vc_custom_heading.default\">\n\t\t\t\t<div class=\"elementor-widget-container\">\n\t\t\t<div class=\" vc_custom_heading border_base_color consulting_heading_font  text_align_left title_no_stripe\" ><h3 style=\"font-size: 20px;color: #222222;text-align: left;line-height: 45px;font-weight:700\" class=\"consulting-custom-title\">Bereki B\u00e1rk\u00e1s Egylet\n<\/h3><\/div>\t\t<\/div>\n\t\t\t\t<\/div>\n\t\t\t\t<div class=\"elementor-element elementor-element-9ee3ba4 elementor-widget elementor-widget-stm_contacts_widget\" data-id=\"9ee3ba4\" data-element_type=\"widget\" data-widget_type=\"stm_contacts_widget.default\">\n\t\t\t\t<div class=\"elementor-widget-container\">\n\t\t\t\n<div class=\"stm_contacts_widget consulting_elementor_contacts_widget style_4 \">\n    \n    \n    \n        <ul>\n                            <li>\n                    <div class=\"icon\"><i class=\"fa fa-map-marker\"><\/i><\/div>\n                    <div class=\"text\">9900 K\u00f6rmend, Hegyaljai utca 6.<\/div>\n                <\/li>\n                                        <li>\n                    <div class=\"icon\"><i class=\"fa fa-phone\"><\/i><\/div>\n                    <div class=\"text\">\n                        +36 30 487 2155                                            <\/div>\n                <\/li>\n                                                    <li>\n                    <div class=\"icon\"><i class=\"fa fa-envelope\"><\/i><\/div>\n                    <div class=\"text\"><a href=\"mailto:&#32;be&#114;e&#107;&#105;&#98;&#97;&#114;&#107;&#97;&#115;egy&#108;&#101;t&#64;g&#109;&#97;&#105;l.com\"> &#98;&#101;&#114;&#101;&#107;i&#98;&#97;&#114;kaseg&#121;&#108;et&#64;&#103;ma&#105;l.co&#109;<\/a><\/div>\n                <\/li>\n                                <\/ul>\n                    <ul class=\"socials\">\n                                    <li><a href=\"http:\/\/facebook.com\/berekibarkas.egylet\" target=\"_blank\" class=\"social-facebook\"><i class=\"fa fa-facebook\"><\/i><\/a><\/li>\n                                                                                            <\/ul>\n        \n    \n<\/div>\t\t<\/div>\n\t\t\t\t<\/div>\n\t\t\t\t\t<\/div>\n\t\t<\/div>\n\t\t\t\t<div class=\"elementor-column elementor-col-100 elementor-top-column elementor-element elementor-element-1d10383\" data-id=\"1d10383\" data-element_type=\"column\" data-settings=\"{&quot;background_background&quot;:&quot;classic&quot;}\">\n\t\t\t<div class=\"elementor-widget-wrap elementor-element-populated\">\n\t\t\t\t\t\t\t\t<div class=\"elementor-element elementor-element-4976459 elementor-widget elementor-widget-vc_custom_heading\" data-id=\"4976459\" data-element_type=\"widget\" data-widget_type=\"vc_custom_heading.default\">\n\t\t\t\t<div class=\"elementor-widget-container\">\n\t\t\t<div class=\" vc_custom_heading border_base_color consulting_heading_font  text_align_left title_no_stripe\" ><h3 style=\"font-size: 20px;color: #222222;text-align: left;line-height: 45px;font-weight:700\" class=\"consulting-custom-title\">Senior eln\u00f6k\n<\/h3><\/div>\t\t<\/div>\n\t\t\t\t<\/div>\n\t\t\t\t<div class=\"elementor-element elementor-element-88b4edb elementor-widget elementor-widget-text-editor\" data-id=\"88b4edb\" data-element_type=\"widget\" data-widget_type=\"text-editor.default\">\n\t\t\t\t<div class=\"elementor-widget-container\">\n\t\t\t\t\t\t\t<p><span style=\"display: block; line-height: 22px;\">A szervezettel kapcsolatos fontosabb dolgokkal kapcsolatban k\u00e9rem keress\u00e9k Senior eln\u00f6k\u00fcnket<br \/><\/span><\/p>\n\t\t\t\t\t\t<\/div>\n\t\t\t\t<\/div>\n\t\t\t\t<div class=\"elementor-element elementor-element-81fdd28 elementor-widget elementor-widget-stm_contact\" data-id=\"81fdd28\" data-element_type=\"widget\" data-widget_type=\"stm_contact.default\">\n\t\t\t\t<div class=\"elementor-widget-container\">\n\t\t\t    <div class=\"stm_contact_two consulting_elementor_contact_ clearfix\">\n                    <div class=\"stm_contact_image\">\n                <img src='https:\/\/berekibarkasegylet.hu\/wp-content\/uploads\/2023\/01\/Varga-Gabor-OK.jpg' alt='' \/>            <\/div>\n                <div class=\"stm_contact_info\">\n            <h5 class=\"no_stripe\">Varga G\u00e1bor Istv\u00e1n<\/h5>\n                            <div class=\"stm_contact_job\">Senior eln\u00f6k<\/div>\n                                        <div class=\"stm_contact_row\"><i class=\"fa fa-phone\"><\/i> +36 30 487 2155                    <br\/><\/div>\n                                        <div class=\"stm_contact_row\"><i class=\"fa fa-envelope\"><\/i> <a\n                        href=\"mailto:&#98;&#101;&#114;&#101;&#107;&#105;ba&#114;&#107;as&#101;&#103;&#121;&#108;et&#64;&#103;m&#97;&#105;&#108;&#46;&#99;om\">&#98;erekibarka&#115;eg&#121;let&#64;&#103;mai&#108;.&#99;o&#109;<\/a>\n                <\/div>\n                                <\/div>\n    <\/div>\n\t\t<\/div>\n\t\t\t\t<\/div>\n\t\t\t\t\t<\/div>\n\t\t<\/div>\n\t\t\t\t<div class=\"elementor-column elementor-col-100 elementor-top-column elementor-element elementor-element-76564ef\" data-id=\"76564ef\" data-element_type=\"column\" data-settings=\"{&quot;background_background&quot;:&quot;classic&quot;}\">\n\t\t\t<div class=\"elementor-widget-wrap elementor-element-populated\">\n\t\t\t\t\t\t\t\t<div class=\"elementor-element elementor-element-91c6acc elementor-widget elementor-widget-vc_custom_heading\" data-id=\"91c6acc\" data-element_type=\"widget\" data-widget_type=\"vc_custom_heading.default\">\n\t\t\t\t<div class=\"elementor-widget-container\">\n\t\t\t<div class=\" vc_custom_heading border_base_color consulting_heading_font  text_align_left title_no_stripe\" ><h3 style=\"font-size: 20px;color: #222222;text-align: left;line-height: 45px;font-weight:700\" class=\"consulting-custom-title\">Eln\u00f6k\n<\/h3><\/div>\t\t<\/div>\n\t\t\t\t<\/div>\n\t\t\t\t<div class=\"elementor-element elementor-element-03690dc elementor-widget elementor-widget-text-editor\" data-id=\"03690dc\" data-element_type=\"widget\" data-widget_type=\"text-editor.default\">\n\t\t\t\t<div class=\"elementor-widget-container\">\n\t\t\t\t\t\t\t<p><span style=\"display: block; line-height: 22px;\">A szervezettel kapcsolatos fontosabb dolgokkal kapcsolatban k\u00e9rem keress\u00e9k Eln\u00f6k\u00fcnket<br \/><\/span><\/p>\n\t\t\t\t\t\t<\/div>\n\t\t\t\t<\/div>\n\t\t\t\t<div class=\"elementor-element elementor-element-91228a0 elementor-widget elementor-widget-stm_contact\" data-id=\"91228a0\" data-element_type=\"widget\" data-widget_type=\"stm_contact.default\">\n\t\t\t\t<div class=\"elementor-widget-container\">\n\t\t\t    <div class=\"stm_contact_two consulting_elementor_contact_ clearfix\">\n                    <div class=\"stm_contact_image\">\n                <img src='https:\/\/berekibarkasegylet.hu\/wp-content\/uploads\/2023\/01\/Somogyi-Daniel-arckep-v2.jpg' alt='' \/>            <\/div>\n                <div class=\"stm_contact_info\">\n            <h5 class=\"no_stripe\">Somogyi D\u00e1niel<\/h5>\n                            <div class=\"stm_contact_job\">Eln\u00f6k<\/div>\n                                        <div class=\"stm_contact_row\"><i class=\"fa fa-phone\"><\/i> +36 30 591 9903                    <br\/><\/div>\n                                        <div class=\"stm_contact_row\"><i class=\"fa fa-envelope\"><\/i> <a\n                        href=\"mailto:&#98;&#101;&#114;eki&#98;a&#114;k&#97;&#115;&#101;&#103;yl&#101;t&#64;g&#109;&#97;il&#46;&#99;om\">&#98;&#101;re&#107;&#105;b&#97;&#114;ka&#115;&#101;&#103;y&#108;&#101;t&#64;gma&#105;l&#46;co&#109;<\/a>\n                <\/div>\n                                <\/div>\n    <\/div>\n\t\t<\/div>\n\t\t\t\t<\/div>\n\t\t\t\t\t<\/div>\n\t\t<\/div>\n\t\t\t\t\t\t\t<\/div>\n\t\t<\/section>\n\t\t\t\t\t\t\t<\/div>\n\t\t","protected":false},"excerpt":{"rendered":"<p>T\u00d6RT\u00c9NET\u00dcNK Egyes\u00fclet\u00fcnk, t\u00f6bb el\u0151zm\u00e9ny ut\u00e1n 2006-ban alakult. 2012-t\u0151l bejegyzett form\u00e1ban m\u0171k\u00f6dik.\u00a0Tagjaink k\u00f6z\u00f6tt t\u00f6bben, k\u00f6zel 30 \u00e9ves v\u00edzit\u00fara tapasztalattal rendelkeznek. Sz\u00e1mtalan\u00a0rendezv\u00e9ny \u00e9s verseny szervez\u0151i, t\u00e1rsszervez\u0151i vagyunk (R\u00e1ba-takart\u00e1s, R\u00e1ba-maraton,\u00a0Cs\u00e1k\u00e1ny-K\u00f6rmend Kajak-kenu Futam stb.). Ny\u00edlt napokkal, ingyenes r\u00e9szv\u00e9teli lehet\u0151s\u00e9ggel\u00a0invit\u00e1ljuk a v\u00e1ros \u00e9s a k\u00f6rny\u00e9k lak\u00f3it a foly\u00f3ra. 2016-ban eleget tett\u00fcnk alapszab\u00e1lyunkban\u00a0foglalt v\u00e1llal\u00e1sunknak, \u00e9s megalak\u00edtottuk a R\u00e1ba foly\u00f3 els\u0151 kajak-kenu<\/p>\n","protected":false},"author":1,"featured_media":0,"parent":0,"menu_order":0,"comment_status":"closed","ping_status":"closed","template":"","meta":[],"_links":{"self":[{"href":"https:\/\/berekibarkasegylet.hu\/index.php\/wp-json\/wp\/v2\/pages\/6238"}],"collection":[{"href":"https:\/\/berekibarkasegylet.hu\/index.php\/wp-json\/wp\/v2\/pages"}],"about":[{"href":"https:\/\/berekibarkasegylet.hu\/index.php\/wp-json\/wp\/v2\/types\/page"}],"author":[{"embeddable":true,"href":"https:\/\/berekibarkasegylet.hu\/index.php\/wp-json\/wp\/v2\/users\/1"}],"replies":[{"embeddable":true,"href":"https:\/\/berekibarkasegylet.hu\/index.php\/wp-json\/wp\/v2\/comments?post=6238"}],"version-history":[{"count":6,"href":"https:\/\/berekibarkasegylet.hu\/index.php\/wp-json\/wp\/v2\/pages\/6238\/revisions"}],"predecessor-version":[{"id":9110,"href":"https:\/\/berekibarkasegylet.hu\/index.php\/wp-json\/wp\/v2\/pages\/6238\/revisions\/9110"}],"wp:attachment":[{"href":"https:\/\/berekibarkasegylet.hu\/index.php\/wp-json\/wp\/v2\/media?parent=6238"}],"curies":[{"name":"wp","href":"https:\/\/api.w.org\/{rel}","templated":true}]}}