{"id":7372,"date":"2023-02-04T16:27:26","date_gmt":"2023-02-04T16:27:26","guid":{"rendered":"http:\/\/d.r3.wbsprt.com\/berekibarkasegylet.hu\/?page_id=7372"},"modified":"2023-02-04T16:27:32","modified_gmt":"2023-02-04T16:27:32","slug":"tamogatoink","status":"publish","type":"page","link":"https:\/\/berekibarkasegylet.hu\/index.php\/tamogatoink\/","title":{"rendered":"_T\u00e1mogat\u00f3ink"},"content":{"rendered":"\t\t<div data-elementor-type=\"wp-page\" data-elementor-id=\"7372\" class=\"elementor elementor-7372\">\n\t\t\t\t\t\t\t\t\t<section class=\"elementor-section elementor-top-section elementor-element elementor-element-94630e1 elementor-section-boxed elementor-section-height-default elementor-section-height-default\" data-id=\"94630e1\" data-element_type=\"section\">\n\t\t\t\t\t\t<div class=\"elementor-container elementor-column-gap-default\">\n\t\t\t\t\t<div class=\"elementor-column elementor-col-100 elementor-top-column elementor-element elementor-element-9c1669a\" data-id=\"9c1669a\" data-element_type=\"column\">\n\t\t\t<div class=\"elementor-widget-wrap\">\n\t\t\t\t\t\t\t\t\t<\/div>\n\t\t<\/div>\n\t\t\t\t\t\t\t<\/div>\n\t\t<\/section>\n\t\t\t\t<section class=\"elementor-section elementor-top-section elementor-element elementor-element-031e3a4 elementor-section-boxed elementor-section-height-default elementor-section-height-default\" data-id=\"031e3a4\" data-element_type=\"section\">\n\t\t\t\t\t\t<div class=\"elementor-container elementor-column-gap-default\">\n\t\t\t\t\t<div class=\"elementor-column elementor-col-100 elementor-top-column elementor-element elementor-element-6992ec0\" data-id=\"6992ec0\" data-element_type=\"column\">\n\t\t\t<div class=\"elementor-widget-wrap elementor-element-populated\">\n\t\t\t\t\t\t\t\t<div class=\"elementor-element elementor-element-97989ad elementor-widget elementor-widget-vc_custom_heading\" data-id=\"97989ad\" data-element_type=\"widget\" data-widget_type=\"vc_custom_heading.default\">\n\t\t\t\t<div class=\"elementor-widget-container\">\n\t\t\t<div class=\" vc_custom_heading  consulting_heading_font  text_align_left\" ><h3 style=\"text-align: left\" class=\"consulting-custom-title\">KIEMELT T\u00c1MOGAT\u00d3INK\n<\/h3><\/div>\t\t<\/div>\n\t\t\t\t<\/div>\n\t\t\t\t\t<\/div>\n\t\t<\/div>\n\t\t\t\t\t\t\t<\/div>\n\t\t<\/section>\n\t\t\t\t<section class=\"elementor-section elementor-top-section elementor-element elementor-element-44e09de elementor-section-boxed elementor-section-height-default elementor-section-height-default\" data-id=\"44e09de\" data-element_type=\"section\">\n\t\t\t\t\t\t<div class=\"elementor-container elementor-column-gap-default\">\n\t\t\t\t\t<div class=\"elementor-column elementor-col-100 elementor-top-column elementor-element elementor-element-fb5fb3b\" data-id=\"fb5fb3b\" data-element_type=\"column\">\n\t\t\t<div class=\"elementor-widget-wrap elementor-element-populated\">\n\t\t\t\t\t\t\t\t<div class=\"elementor-element elementor-element-4a32b56 elementor-widget elementor-widget-stm_testimonials_carousel\" data-id=\"4a32b56\" data-element_type=\"widget\" data-widget_type=\"stm_testimonials_carousel.default\">\n\t\t\t\t<div class=\"elementor-widget-container\">\n\t\t\t    <div class=\" consulting_elementor_testimonials_carousel testimonials_carousel style_4 per_row_1 disable_carousel\" id=\"partners_carousel_69f17e641b5e3\">\n        \n            <div class=\"testimonial\">\n                <div class=\"testimonial_inner\">\n                                                                    <div class=\"image\">\n                            <span>\n                                                            <img src='https:\/\/berekibarkasegylet.hu\/wp-content\/uploads\/elementor\/thumbs\/evo-e1772660328297-rk14x32sqsn2urr6g7c9d76roscdo4vp9rksm8rqy4.png' alt='' \/>                                                        <\/span>\n                        <\/div>\n                                        <div class=\"info\">\n                        <div class=\"stm_testimonials_content_unit\"><p>Iroda, telephely: 1117 Budapest, Hauszmann Alajos utca 2.<br \/>\nSz\u00e9khely: 1111 Budapest, L\u00e1gym\u00e1nyosi utca 12. fszt. 2.<br \/>\nE-mail: office@evocrm.hu<br \/>\nTel.: +36 30 082 8280<\/p>\n<\/div>\n                        <h6 class=\"no_stripe\">\n                                                            evoCRM Kft.                                                    <\/h6>\n                        <div class=\"position\">\n                        Kiemelt t\u00e1mogat\u00f3                        <\/div>\n                    <\/div>\n                <\/div>\n            <\/div>\n\n        \n            <div class=\"testimonial\">\n                <div class=\"testimonial_inner\">\n                                                                    <div class=\"image\">\n                            <span>\n                                                            <img src='https:\/\/berekibarkasegylet.hu\/wp-content\/uploads\/elementor\/thumbs\/Efaflex2-q1c528w9g50zeuzs6gzgzsma4yl9ngz6r6s23rzyng.jpg' alt='' \/>                                                        <\/span>\n                        <\/div>\n                                        <div class=\"info\">\n                        <div class=\"stm_testimonials_content_unit\"><p>Buda Center &#8211; 1016 Budapest, Hegyalja u. 7-13.<br \/>\nAd\u00f3sz\u00e1m: 13400716-2-41<br \/>\nE-mai: info@efaflex.hu<br \/>\nTel.: +36 1 789 5508<br \/>\nhttps:\/\/efaflex.hu\/<\/p>\n<\/div>\n                        <h6 class=\"no_stripe\">\n                                                            EFAFLEX Hung\u00e1ria Kft.                                                    <\/h6>\n                        <div class=\"position\">\n                        Versenyszakoszt\u00e1ly n\u00e9vad\u00f3 szponzor                        <\/div>\n                    <\/div>\n                <\/div>\n            <\/div>\n\n        \n            <div class=\"testimonial\">\n                <div class=\"testimonial_inner\">\n                                                                    <div class=\"image\">\n                            <span>\n                                                            <img src='https:\/\/berekibarkasegylet.hu\/wp-content\/uploads\/elementor\/thumbs\/SOLE-1-qmbpw7ccip0l3ouh00af6iy03yrvn4111h4ndpzbcc.jpg' alt='' \/>                                                        <\/span>\n                        <\/div>\n                                        <div class=\"info\">\n                        <div class=\"stm_testimonials_content_unit\"><p>SOLE Optika  &#8211;  9900 K\u00f6rmend, R\u00e1k\u00f3czi \u00fat 13.<br \/>\nE-mai:  szemuveg@soleoptika.com<br \/>\nTel.: +36 94 410 326<br \/>\nwww.facebook.com\/SoleOptika<\/p>\n<\/div>\n                        <h6 class=\"no_stripe\">\n                                                            SOLE Optika                                                    <\/h6>\n                        <div class=\"position\">\n                        Kiemelt t\u00e1mogat\u00f3                        <\/div>\n                    <\/div>\n                <\/div>\n            <\/div>\n\n            <\/div>\n    \t\t<\/div>\n\t\t\t\t<\/div>\n\t\t\t\t\t<\/div>\n\t\t<\/div>\n\t\t\t\t\t\t\t<\/div>\n\t\t<\/section>\n\t\t\t\t\t\t\t<\/div>\n\t\t","protected":false},"excerpt":{"rendered":"<p>KIEMELT T\u00c1MOGAT\u00d3INK Buda Center | 1016 Budapest, Hegyalja u. 7-13. Ad\u00f3sz\u00e1m: 13400716-2-41 E-mai: info@efaflex.hu Tel.: +36 1 789 5508 Kezd\u0151lap EFAFLEX Hung\u00e1ria Kft. Versenyszakoszt\u00e1ly n\u00e9vad\u00f3 szponzor Buda Center | 1016 Budapest, Hegyalja u. 7-13. Ad\u00f3sz\u00e1m: 13400716-2-41 E-mai: info@efaflex.hu Tel.: +36 1 789 5508 Kezd\u0151lap EFAFLEX Hung\u00e1ria Kft. Versenyszakoszt\u00e1ly n\u00e9vad\u00f3 szponzor \u201cWhen you are in the<\/p>\n","protected":false},"author":1,"featured_media":0,"parent":0,"menu_order":0,"comment_status":"closed","ping_status":"closed","template":"","meta":[],"_links":{"self":[{"href":"https:\/\/berekibarkasegylet.hu\/index.php\/wp-json\/wp\/v2\/pages\/7372"}],"collection":[{"href":"https:\/\/berekibarkasegylet.hu\/index.php\/wp-json\/wp\/v2\/pages"}],"about":[{"href":"https:\/\/berekibarkasegylet.hu\/index.php\/wp-json\/wp\/v2\/types\/page"}],"author":[{"embeddable":true,"href":"https:\/\/berekibarkasegylet.hu\/index.php\/wp-json\/wp\/v2\/users\/1"}],"replies":[{"embeddable":true,"href":"https:\/\/berekibarkasegylet.hu\/index.php\/wp-json\/wp\/v2\/comments?post=7372"}],"version-history":[{"count":6,"href":"https:\/\/berekibarkasegylet.hu\/index.php\/wp-json\/wp\/v2\/pages\/7372\/revisions"}],"predecessor-version":[{"id":7878,"href":"https:\/\/berekibarkasegylet.hu\/index.php\/wp-json\/wp\/v2\/pages\/7372\/revisions\/7878"}],"wp:attachment":[{"href":"https:\/\/berekibarkasegylet.hu\/index.php\/wp-json\/wp\/v2\/media?parent=7372"}],"curies":[{"name":"wp","href":"https:\/\/api.w.org\/{rel}","templated":true}]}}